{"id":1029,"date":"2019-06-11T09:50:44","date_gmt":"2019-06-11T09:50:44","guid":{"rendered":"https:\/\/themes.getmotopress.com\/luviana\/?page_id=13"},"modified":"2025-03-13T16:34:25","modified_gmt":"2025-03-13T15:34:25","slug":"santorini","status":"publish","type":"page","link":"https:\/\/labimhotels.com.ng\/?page_id=1029","title":{"rendered":"Welcome|Ek\u00e1\u00e0b\u00f2\u0323"},"content":{"rendered":"\n<p>Comfortable and elegantly decorated, our rooms create a real haven of well-being. Ideal for business or leisure stays, they come with an ultra-comfortable bed and a desk area. Everything you need is at your fingertips: flat screen TV with satellite package, minibar, free in-room electronic safe, bath products, hairdryer, iron and ironing board, etc.<\/p>\n\n\n\n<!--more-->\n\n\n\n<div class=\"wp-block-getwid-section alignfull alignfull getwid-margin-top-none getwid-margin-bottom-none\"><div class=\"wp-block-getwid-section__wrapper getwid-padding-top-medium getwid-padding-bottom-none getwid-padding-left-medium getwid-padding-right-medium getwid-padding-mobile-left-small getwid-padding-mobile-right-small\"><div class=\"wp-block-getwid-section__inner-wrapper\"><div class=\"wp-block-getwid-section__background-holder\"><div class=\"wp-block-getwid-section__background\"><\/div><div class=\"wp-block-getwid-section__foreground\"><\/div><\/div><div class=\"wp-block-getwid-section__content\"><div class=\"wp-block-getwid-section__inner-content\">\n<div class=\"wp-block-columns has-2-columns is-layout-flex wp-container-core-columns-is-layout-9d6595d7 wp-block-columns-is-layout-flex\">\n<div class=\"wp-block-column is-layout-flow wp-block-column-is-layout-flow\">\n<div class=\"wp-block-getwid-advanced-heading is-style-style-1 has-custom-font-size\" style=\"font-size:12px;margin-bottom:20px\"><p class=\"wp-block-getwid-advanced-heading__content\" style=\"letter-spacing:1px\">RAISING COMFORT TO THE HIGHEST LEVEL<\/p><\/div>\n\n\n\n<div class=\"wp-block-getwid-advanced-heading is-style-default\"><h2 class=\"wp-block-getwid-advanced-heading__content\">Welcome to Labim Hotel<\/h2><\/div>\n<\/div>\n\n\n\n<div class=\"wp-block-column is-layout-flow wp-block-column-is-layout-flow\">\n<p>It is a small comfortable hotel. Our staff offers an attentive high-quality service and is always ready to offer any help to guests.<\/p>\n\n\n\n<p>The hotel is arranged on three floors. On the ground floor, apart from the reception, there is a comfortable lounge where you can sit and drink tea or just read. There is also a splendid terrace, where you can relax and immerse yourself into upcoming morning of a new wonderful day There is an amazing fusion of calm and tranquility at hotel with hectic and noise outside. <\/p>\n<\/div>\n<\/div>\n\n\n\n<div style=\"height:50px\" aria-hidden=\"true\" class=\"wp-block-spacer\"><\/div>\n\n\n\n<div class=\"wp-block-columns has-2-columns is-layout-flex wp-container-core-columns-is-layout-9d6595d7 wp-block-columns-is-layout-flex\">\n<div class=\"wp-block-column is-layout-flow wp-block-column-is-layout-flow\">\n<figure class=\"wp-block-image size-large\"><img loading=\"lazy\" decoding=\"async\" width=\"1024\" height=\"684\" src=\"https:\/\/labimhotels.com.ng\/wp-content\/uploads\/2022\/11\/DSC_0661-1024x684.jpg\" alt=\"\" class=\"wp-image-1080\" srcset=\"https:\/\/labimhotels.com.ng\/wp-content\/uploads\/2022\/11\/DSC_0661-1024x684.jpg 1024w, https:\/\/labimhotels.com.ng\/wp-content\/uploads\/2022\/11\/DSC_0661-300x200.jpg 300w, https:\/\/labimhotels.com.ng\/wp-content\/uploads\/2022\/11\/DSC_0661-768x513.jpg 768w, https:\/\/labimhotels.com.ng\/wp-content\/uploads\/2022\/11\/DSC_0661-1536x1025.jpg 1536w, https:\/\/labimhotels.com.ng\/wp-content\/uploads\/2022\/11\/DSC_0661-2048x1367.jpg 2048w, https:\/\/labimhotels.com.ng\/wp-content\/uploads\/2022\/11\/DSC_0661-1170x781.jpg 1170w\" sizes=\"auto, (max-width: 1024px) 100vw, 1024px\" \/><\/figure>\n<\/div>\n\n\n\n<div class=\"wp-block-column is-layout-flow wp-block-column-is-layout-flow\">\n<figure class=\"wp-block-image size-large is-resized\"><img loading=\"lazy\" decoding=\"async\" width=\"1024\" height=\"684\" src=\"https:\/\/labimhotels.com.ng\/wp-content\/uploads\/2022\/11\/DSC_0963-1024x684.jpg\" alt=\"\" class=\"wp-image-1095\" style=\"width:567px;height:379px\" srcset=\"https:\/\/labimhotels.com.ng\/wp-content\/uploads\/2022\/11\/DSC_0963-1024x684.jpg 1024w, https:\/\/labimhotels.com.ng\/wp-content\/uploads\/2022\/11\/DSC_0963-300x200.jpg 300w, https:\/\/labimhotels.com.ng\/wp-content\/uploads\/2022\/11\/DSC_0963-768x513.jpg 768w, https:\/\/labimhotels.com.ng\/wp-content\/uploads\/2022\/11\/DSC_0963-1536x1025.jpg 1536w, https:\/\/labimhotels.com.ng\/wp-content\/uploads\/2022\/11\/DSC_0963-2048x1367.jpg 2048w, https:\/\/labimhotels.com.ng\/wp-content\/uploads\/2022\/11\/DSC_0963-1170x781.jpg 1170w\" sizes=\"auto, (max-width: 1024px) 100vw, 1024px\" \/><\/figure>\n<\/div>\n<\/div>\n<\/div><\/div><\/div><\/div><\/div>\n","protected":false},"excerpt":{"rendered":"<p>The Labim Hotel is the right choice for visitors who are searching for a combination of charm, peace, quiet and a convenient position from where to explore surroundings.<\/p>\n","protected":false},"author":1,"featured_media":1054,"parent":1028,"menu_order":0,"comment_status":"closed","ping_status":"closed","template":"","meta":{"inline_featured_image":false,"footnotes":""},"class_list":["post-1029","page","type-page","status-publish","has-post-thumbnail","hentry"],"_links":{"self":[{"href":"https:\/\/labimhotels.com.ng\/index.php?rest_route=\/wp\/v2\/pages\/1029","targetHints":{"allow":["GET"]}}],"collection":[{"href":"https:\/\/labimhotels.com.ng\/index.php?rest_route=\/wp\/v2\/pages"}],"about":[{"href":"https:\/\/labimhotels.com.ng\/index.php?rest_route=\/wp\/v2\/types\/page"}],"author":[{"embeddable":true,"href":"https:\/\/labimhotels.com.ng\/index.php?rest_route=\/wp\/v2\/users\/1"}],"replies":[{"embeddable":true,"href":"https:\/\/labimhotels.com.ng\/index.php?rest_route=%2Fwp%2Fv2%2Fcomments&post=1029"}],"version-history":[{"count":7,"href":"https:\/\/labimhotels.com.ng\/index.php?rest_route=\/wp\/v2\/pages\/1029\/revisions"}],"predecessor-version":[{"id":1457,"href":"https:\/\/labimhotels.com.ng\/index.php?rest_route=\/wp\/v2\/pages\/1029\/revisions\/1457"}],"up":[{"embeddable":true,"href":"https:\/\/labimhotels.com.ng\/index.php?rest_route=\/wp\/v2\/pages\/1028"}],"wp:featuredmedia":[{"embeddable":true,"href":"https:\/\/labimhotels.com.ng\/index.php?rest_route=\/wp\/v2\/media\/1054"}],"wp:attachment":[{"href":"https:\/\/labimhotels.com.ng\/index.php?rest_route=%2Fwp%2Fv2%2Fmedia&parent=1029"}],"curies":[{"name":"wp","href":"https:\/\/api.w.org\/{rel}","templated":true}]}}